{"id":1431,"date":"2025-07-16T00:17:33","date_gmt":"2025-07-16T05:17:33","guid":{"rendered":"https:\/\/lavittor.com\/?post_type=product&#038;p=1431"},"modified":"2025-08-14T19:01:51","modified_gmt":"2025-08-15T00:01:51","slug":"miu-earrings","status":"publish","type":"product","link":"https:\/\/lavittor.com\/en\/shop\/aretes\/miu-earrings\/","title":{"rendered":"Aretes L\u00ednea Blanca"},"content":{"rendered":"","protected":false},"excerpt":{"rendered":"<ul>\n<li>Aretes Huggies en oro blanco con diamantes.<\/li>\n<li>Su dise\u00f1o limpio, sofisticado y minimalista los convierte en un esencial para el d\u00eda a d\u00eda.<\/li>\n<li>Estos aretes empiezan en $5.000.000<\/li>\n<\/ul>\n<p>&nbsp;<\/p>\n<p>Si deseas personalizar\u00a0algo de la joya escr\u00edbenos al WhatsApp: <a href=\"https:\/\/wa.me\/573233538346\"><span style=\"color: #0000ff;\">Click Ac\u00e1!<\/span><\/a><\/p>","protected":false},"featured_media":1478,"comment_status":"closed","ping_status":"closed","template":"","meta":{"_joinchat":[]},"product_brand":[],"product_cat":[70],"product_tag":[],"class_list":{"0":"post-1431","1":"product","2":"type-product","3":"status-publish","4":"has-post-thumbnail","6":"product_cat-aretes","8":"first","9":"instock","10":"shipping-taxable","11":"purchasable","12":"product-type-simple"},"_links":{"self":[{"href":"https:\/\/lavittor.com\/en\/wp-json\/wp\/v2\/product\/1431","targetHints":{"allow":["GET"]}}],"collection":[{"href":"https:\/\/lavittor.com\/en\/wp-json\/wp\/v2\/product"}],"about":[{"href":"https:\/\/lavittor.com\/en\/wp-json\/wp\/v2\/types\/product"}],"replies":[{"embeddable":true,"href":"https:\/\/lavittor.com\/en\/wp-json\/wp\/v2\/comments?post=1431"}],"wp:featuredmedia":[{"embeddable":true,"href":"https:\/\/lavittor.com\/en\/wp-json\/wp\/v2\/media\/1478"}],"wp:attachment":[{"href":"https:\/\/lavittor.com\/en\/wp-json\/wp\/v2\/media?parent=1431"}],"wp:term":[{"taxonomy":"product_brand","embeddable":true,"href":"https:\/\/lavittor.com\/en\/wp-json\/wp\/v2\/product_brand?post=1431"},{"taxonomy":"product_cat","embeddable":true,"href":"https:\/\/lavittor.com\/en\/wp-json\/wp\/v2\/product_cat?post=1431"},{"taxonomy":"product_tag","embeddable":true,"href":"https:\/\/lavittor.com\/en\/wp-json\/wp\/v2\/product_tag?post=1431"}],"curies":[{"name":"wp","href":"https:\/\/api.w.org\/{rel}","templated":true}]}}