{"id":1389,"date":"2025-07-16T00:17:09","date_gmt":"2025-07-16T05:17:09","guid":{"rendered":"https:\/\/lavittor.com\/?post_type=product&#038;p=1389"},"modified":"2025-08-14T20:25:23","modified_gmt":"2025-08-15T01:25:23","slug":"halo-white","status":"publish","type":"product","link":"https:\/\/lavittor.com\/en\/shop\/anillos\/halo-white\/","title":{"rendered":"Halo White"},"content":{"rendered":"","protected":false},"excerpt":{"rendered":"<ul>\n<li>Anillo en oro blanco con esmeralda central y halo de diamantes.<\/li>\n<li>Un dise\u00f1o sobrio, elegante, y vers\u00e1til para llevar en cualquier ocasi\u00f3n.<\/li>\n<li>Este anillo empieza en $8.000.000 hasta $18.000.0000<\/li>\n<\/ul>\n<p>&nbsp;<\/p>\n<p>Si deseas personalizar\u00a0algo de la joya escr\u00edbenos al WhatsApp: <a href=\"https:\/\/wa.me\/573233538346\"><span style=\"color: #0000ff;\">Click Ac\u00e1!<\/span><\/a><\/p>","protected":false},"featured_media":1420,"comment_status":"closed","ping_status":"closed","template":"","meta":{"_joinchat":[]},"product_brand":[],"product_cat":[69],"product_tag":[],"class_list":{"0":"post-1389","1":"product","2":"type-product","3":"status-publish","4":"has-post-thumbnail","6":"product_cat-anillos","8":"first","9":"instock","10":"shipping-taxable","11":"purchasable","12":"product-type-simple"},"_links":{"self":[{"href":"https:\/\/lavittor.com\/en\/wp-json\/wp\/v2\/product\/1389","targetHints":{"allow":["GET"]}}],"collection":[{"href":"https:\/\/lavittor.com\/en\/wp-json\/wp\/v2\/product"}],"about":[{"href":"https:\/\/lavittor.com\/en\/wp-json\/wp\/v2\/types\/product"}],"replies":[{"embeddable":true,"href":"https:\/\/lavittor.com\/en\/wp-json\/wp\/v2\/comments?post=1389"}],"wp:featuredmedia":[{"embeddable":true,"href":"https:\/\/lavittor.com\/en\/wp-json\/wp\/v2\/media\/1420"}],"wp:attachment":[{"href":"https:\/\/lavittor.com\/en\/wp-json\/wp\/v2\/media?parent=1389"}],"wp:term":[{"taxonomy":"product_brand","embeddable":true,"href":"https:\/\/lavittor.com\/en\/wp-json\/wp\/v2\/product_brand?post=1389"},{"taxonomy":"product_cat","embeddable":true,"href":"https:\/\/lavittor.com\/en\/wp-json\/wp\/v2\/product_cat?post=1389"},{"taxonomy":"product_tag","embeddable":true,"href":"https:\/\/lavittor.com\/en\/wp-json\/wp\/v2\/product_tag?post=1389"}],"curies":[{"name":"wp","href":"https:\/\/api.w.org\/{rel}","templated":true}]}}