{"id":1386,"date":"2025-07-16T00:17:09","date_gmt":"2025-07-16T05:17:09","guid":{"rendered":"https:\/\/lavittor.com\/?post_type=product&#038;p=1386"},"modified":"2025-08-14T21:09:44","modified_gmt":"2025-08-15T02:09:44","slug":"renaissance","status":"publish","type":"product","link":"https:\/\/lavittor.com\/en\/shop\/collares\/renaissance\/","title":{"rendered":"Renaissance Necklace"},"content":{"rendered":"","protected":false},"excerpt":{"rendered":"<ul>\n<li>Collar en oro rosa con diamantes en pav\u00e9 y centro en brillante blanco.<\/li>\n<li>Una joya con inspiraci\u00f3n cl\u00e1sica y detalles de alta joyer\u00eda.<\/li>\n<li>Este collar empieza en $9.000.000<\/li>\n<\/ul>\n<p>&nbsp;<\/p>\n<p>Si deseas personalizar\u00a0algo de la joya escr\u00edbenos al WhatsApp: <span style=\"color: #0000ff;\"><a style=\"color: #0000ff;\" href=\"https:\/\/wa.me\/573233538346\">Click Ac\u00e1!<\/a><\/span><\/p>","protected":false},"featured_media":1417,"comment_status":"closed","ping_status":"closed","template":"","meta":{"_joinchat":[]},"product_brand":[],"product_cat":[71],"product_tag":[],"class_list":{"0":"post-1386","1":"product","2":"type-product","3":"status-publish","4":"has-post-thumbnail","6":"product_cat-collares","8":"first","9":"instock","10":"shipping-taxable","11":"purchasable","12":"product-type-simple"},"_links":{"self":[{"href":"https:\/\/lavittor.com\/en\/wp-json\/wp\/v2\/product\/1386","targetHints":{"allow":["GET"]}}],"collection":[{"href":"https:\/\/lavittor.com\/en\/wp-json\/wp\/v2\/product"}],"about":[{"href":"https:\/\/lavittor.com\/en\/wp-json\/wp\/v2\/types\/product"}],"replies":[{"embeddable":true,"href":"https:\/\/lavittor.com\/en\/wp-json\/wp\/v2\/comments?post=1386"}],"wp:featuredmedia":[{"embeddable":true,"href":"https:\/\/lavittor.com\/en\/wp-json\/wp\/v2\/media\/1417"}],"wp:attachment":[{"href":"https:\/\/lavittor.com\/en\/wp-json\/wp\/v2\/media?parent=1386"}],"wp:term":[{"taxonomy":"product_brand","embeddable":true,"href":"https:\/\/lavittor.com\/en\/wp-json\/wp\/v2\/product_brand?post=1386"},{"taxonomy":"product_cat","embeddable":true,"href":"https:\/\/lavittor.com\/en\/wp-json\/wp\/v2\/product_cat?post=1386"},{"taxonomy":"product_tag","embeddable":true,"href":"https:\/\/lavittor.com\/en\/wp-json\/wp\/v2\/product_tag?post=1386"}],"curies":[{"name":"wp","href":"https:\/\/api.w.org\/{rel}","templated":true}]}}